{"id":116,"date":"2024-02-23T21:30:42","date_gmt":"2024-02-23T20:30:42","guid":{"rendered":"https:\/\/mercedes-benz-building-miami.com\/?page_id=116"},"modified":"2024-03-05T13:31:12","modified_gmt":"2024-03-05T18:31:12","slug":"amenities","status":"publish","type":"page","link":"https:\/\/mercedes-benz-building-miami.com\/es\/servicios\/","title":{"rendered":"Servicios"},"content":{"rendered":"<div data-elementor-type=\"wp-page\" data-elementor-id=\"116\" class=\"elementor elementor-116\" data-elementor-post-type=\"page\">\n\t\t\t\t<div class=\"elementor-element elementor-element-7f0c8e1 e-flex e-con-boxed e-con e-parent\" data-id=\"7f0c8e1\" data-element_type=\"container\">\n\t\t\t\t\t<div class=\"e-con-inner\">\n\t\t\t\t<div class=\"elementor-element elementor-element-2927f3c elementor-widget__width-initial elementor-widget elementor-widget-text-editor\" data-id=\"2927f3c\" data-element_type=\"widget\" data-widget_type=\"text-editor.default\">\n\t\t\t\t<div class=\"elementor-widget-container\">\n\t\t\t\t\t\t\t\t\t<p><span style=\"font-weight: 400;\">Los espacios comunes de varios niveles, que abarcan m\u00e1s de 130.000 pies cuadrados, re\u00fanen a los residentes y a la comunidad.<\/span><\/p><p>Amplio centro de bienestar con: Serie de saunas (caliente, seca y de infrarrojos), circuito ritual Onsen, caba\u00f1as, sala de sal del Himalaya, sala de aromaterapia, ba\u00f1o de vapor, gimnasio, simulador de coches de carreras Mercedes-Benz personalizado, cafeter\u00eda, dos restaurantes de autor, bar de c\u00f3cteles, piscinas sol\u00e1rium y ajardinada con toallas y servicios de restauraci\u00f3n, Salones para residentes, Espacios de trabajo conjunto y biblioteca, Sala de proyecciones, Sala infantil, Cocina del chef con comedor privado, Cocina y comedor al aire libre, Coches Mercedes-Benz de la casa, Conserje y aparcacoches 24\/7, Estaciones de carga de veh\u00edculos el\u00e9ctricos, Piscina exclusiva para residentes en la azotea, Estudio de grabaci\u00f3n<\/p>\t\t\t\t\t\t\t\t<\/div>\n\t\t\t\t<\/div>\n\t\t\t\t<div class=\"elementor-element elementor-element-7a5a567 elementor-widget elementor-widget-gallery\" data-id=\"7a5a567\" data-element_type=\"widget\" data-settings=\"{&quot;columns&quot;:5,&quot;aspect_ratio&quot;:&quot;4:3&quot;,&quot;lazyload&quot;:&quot;yes&quot;,&quot;gallery_layout&quot;:&quot;grid&quot;,&quot;columns_tablet&quot;:2,&quot;columns_mobile&quot;:1,&quot;gap&quot;:{&quot;unit&quot;:&quot;px&quot;,&quot;size&quot;:10,&quot;sizes&quot;:[]},&quot;gap_tablet&quot;:{&quot;unit&quot;:&quot;px&quot;,&quot;size&quot;:10,&quot;sizes&quot;:[]},&quot;gap_mobile&quot;:{&quot;unit&quot;:&quot;px&quot;,&quot;size&quot;:10,&quot;sizes&quot;:[]},&quot;link_to&quot;:&quot;file&quot;,&quot;overlay_background&quot;:&quot;yes&quot;,&quot;content_hover_animation&quot;:&quot;fade-in&quot;}\" data-widget_type=\"gallery.default\">\n\t\t\t\t<div class=\"elementor-widget-container\">\n\t\t\t\t\t\t\t<div class=\"elementor-gallery__container\">\n\t\t\t\t\t\t\t<a class=\"e-gallery-item elementor-gallery-item elementor-animated-content\" href=\"https:\/\/mercedes-benz-building-miami.com\/wp-content\/uploads\/sites\/7\/2024\/02\/22.jpg\" data-elementor-open-lightbox=\"yes\" data-elementor-lightbox-slideshow=\"7a5a567\" data-elementor-lightbox-title=\"22\" data-e-action-hash=\"#elementor-action%3Aaction%3Dlightbox%26settings%3DeyJpZCI6NzU2LCJ1cmwiOiJodHRwczpcL1wvbWVyY2VkZXMtYmVuei1idWlsZGluZy1taWFtaS5jb21cL3dwLWNvbnRlbnRcL3VwbG9hZHNcL3NpdGVzXC83XC8yMDI0XC8wMlwvMjIuanBnIiwic2xpZGVzaG93IjoiN2E1YTU2NyJ9\">\n\t\t\t\t\t<div class=\"e-gallery-image elementor-gallery-item__image\" data-thumbnail=\"https:\/\/mercedes-benz-building-miami.com\/wp-content\/uploads\/sites\/7\/2024\/02\/22.jpg\" data-width=\"800\" data-height=\"403\" aria-label=\"\" role=\"img\" ><\/div>\n\t\t\t\t\t\t\t\t\t\t\t<div class=\"elementor-gallery-item__overlay\"><\/div>\n\t\t\t\t\t\t\t\t\t\t\t\t\t\t<\/a>\n\t\t\t\t\t\t\t<a class=\"e-gallery-item elementor-gallery-item elementor-animated-content\" href=\"https:\/\/mercedes-benz-building-miami.com\/wp-content\/uploads\/sites\/7\/2024\/02\/20-1.jpg\" data-elementor-open-lightbox=\"yes\" data-elementor-lightbox-slideshow=\"7a5a567\" data-elementor-lightbox-title=\"20 (1)\" data-e-action-hash=\"#elementor-action%3Aaction%3Dlightbox%26settings%3DeyJpZCI6NzU3LCJ1cmwiOiJodHRwczpcL1wvbWVyY2VkZXMtYmVuei1idWlsZGluZy1taWFtaS5jb21cL3dwLWNvbnRlbnRcL3VwbG9hZHNcL3NpdGVzXC83XC8yMDI0XC8wMlwvMjAtMS5qcGciLCJzbGlkZXNob3ciOiI3YTVhNTY3In0%3D\">\n\t\t\t\t\t<div class=\"e-gallery-image elementor-gallery-item__image\" data-thumbnail=\"https:\/\/mercedes-benz-building-miami.com\/wp-content\/uploads\/sites\/7\/2024\/02\/20-1.jpg\" data-width=\"652\" data-height=\"563\" aria-label=\"\" role=\"img\" ><\/div>\n\t\t\t\t\t\t\t\t\t\t\t<div class=\"elementor-gallery-item__overlay\"><\/div>\n\t\t\t\t\t\t\t\t\t\t\t\t\t\t<\/a>\n\t\t\t\t\t\t\t<a class=\"e-gallery-item elementor-gallery-item elementor-animated-content\" href=\"https:\/\/mercedes-benz-building-miami.com\/wp-content\/uploads\/sites\/7\/2024\/03\/Fitness-Center.jpg\" data-elementor-open-lightbox=\"yes\" data-elementor-lightbox-slideshow=\"7a5a567\" data-elementor-lightbox-title=\"Fitness Center\" data-e-action-hash=\"#elementor-action%3Aaction%3Dlightbox%26settings%3DeyJpZCI6NzcxLCJ1cmwiOiJodHRwczpcL1wvbWVyY2VkZXMtYmVuei1idWlsZGluZy1taWFtaS5jb21cL3dwLWNvbnRlbnRcL3VwbG9hZHNcL3NpdGVzXC83XC8yMDI0XC8wM1wvRml0bmVzcy1DZW50ZXIuanBnIiwic2xpZGVzaG93IjoiN2E1YTU2NyJ9\">\n\t\t\t\t\t<div class=\"e-gallery-image elementor-gallery-item__image\" data-thumbnail=\"https:\/\/mercedes-benz-building-miami.com\/wp-content\/uploads\/sites\/7\/2024\/03\/Fitness-Center.jpg\" data-width=\"750\" data-height=\"378\" aria-label=\"\" role=\"img\" ><\/div>\n\t\t\t\t\t\t\t\t\t\t\t<div class=\"elementor-gallery-item__overlay\"><\/div>\n\t\t\t\t\t\t\t\t\t\t\t\t\t\t<\/a>\n\t\t\t\t\t\t\t<a class=\"e-gallery-item elementor-gallery-item elementor-animated-content\" href=\"https:\/\/mercedes-benz-building-miami.com\/wp-content\/uploads\/sites\/7\/2024\/03\/Onsen-Ritual-Circuit.jpg\" data-elementor-open-lightbox=\"yes\" data-elementor-lightbox-slideshow=\"7a5a567\" data-elementor-lightbox-title=\"Onsen Ritual Circuit\" data-e-action-hash=\"#elementor-action%3Aaction%3Dlightbox%26settings%3DeyJpZCI6NzcyLCJ1cmwiOiJodHRwczpcL1wvbWVyY2VkZXMtYmVuei1idWlsZGluZy1taWFtaS5jb21cL3dwLWNvbnRlbnRcL3VwbG9hZHNcL3NpdGVzXC83XC8yMDI0XC8wM1wvT25zZW4tUml0dWFsLUNpcmN1aXQuanBnIiwic2xpZGVzaG93IjoiN2E1YTU2NyJ9\">\n\t\t\t\t\t<div class=\"e-gallery-image elementor-gallery-item__image\" data-thumbnail=\"https:\/\/mercedes-benz-building-miami.com\/wp-content\/uploads\/sites\/7\/2024\/03\/Onsen-Ritual-Circuit.jpg\" data-width=\"800\" data-height=\"402\" aria-label=\"\" role=\"img\" ><\/div>\n\t\t\t\t\t\t\t\t\t\t\t<div class=\"elementor-gallery-item__overlay\"><\/div>\n\t\t\t\t\t\t\t\t\t\t\t\t\t\t<\/a>\n\t\t\t\t\t\t\t<a class=\"e-gallery-item elementor-gallery-item elementor-animated-content\" href=\"https:\/\/mercedes-benz-building-miami.com\/wp-content\/uploads\/sites\/7\/2024\/02\/Screening-Room-1.jpg\" data-elementor-open-lightbox=\"yes\" data-elementor-lightbox-slideshow=\"7a5a567\" data-elementor-lightbox-title=\"Screening Room (1)\" data-e-action-hash=\"#elementor-action%3Aaction%3Dlightbox%26settings%3DeyJpZCI6NzYwLCJ1cmwiOiJodHRwczpcL1wvbWVyY2VkZXMtYmVuei1idWlsZGluZy1taWFtaS5jb21cL3dwLWNvbnRlbnRcL3VwbG9hZHNcL3NpdGVzXC83XC8yMDI0XC8wMlwvU2NyZWVuaW5nLVJvb20tMS5qcGciLCJzbGlkZXNob3ciOiI3YTVhNTY3In0%3D\">\n\t\t\t\t\t<div class=\"e-gallery-image elementor-gallery-item__image\" data-thumbnail=\"https:\/\/mercedes-benz-building-miami.com\/wp-content\/uploads\/sites\/7\/2024\/02\/Screening-Room-1-1024x515.jpg\" data-width=\"800\" data-height=\"402\" aria-label=\"\" role=\"img\" ><\/div>\n\t\t\t\t\t\t\t\t\t\t\t<div class=\"elementor-gallery-item__overlay\"><\/div>\n\t\t\t\t\t\t\t\t\t\t\t\t\t\t<\/a>\n\t\t\t\t\t\t\t<a class=\"e-gallery-item elementor-gallery-item elementor-animated-content\" href=\"https:\/\/mercedes-benz-building-miami.com\/wp-content\/uploads\/sites\/7\/2024\/03\/Private-Residents-Rooftop-Pool.jpg\" data-elementor-open-lightbox=\"yes\" data-elementor-lightbox-slideshow=\"7a5a567\" data-elementor-lightbox-title=\"Private Residents\u2019 Rooftop Pool\" data-e-action-hash=\"#elementor-action%3Aaction%3Dlightbox%26settings%3DeyJpZCI6NzkxLCJ1cmwiOiJodHRwczpcL1wvbWVyY2VkZXMtYmVuei1idWlsZGluZy1taWFtaS5jb21cL3dwLWNvbnRlbnRcL3VwbG9hZHNcL3NpdGVzXC83XC8yMDI0XC8wM1wvUHJpdmF0ZS1SZXNpZGVudHMtUm9vZnRvcC1Qb29sLmpwZyIsInNsaWRlc2hvdyI6IjdhNWE1NjcifQ%3D%3D\">\n\t\t\t\t\t<div class=\"e-gallery-image elementor-gallery-item__image\" data-thumbnail=\"https:\/\/mercedes-benz-building-miami.com\/wp-content\/uploads\/sites\/7\/2024\/03\/Private-Residents-Rooftop-Pool.jpg\" data-width=\"800\" data-height=\"402\" aria-label=\"\" role=\"img\" ><\/div>\n\t\t\t\t\t\t\t\t\t\t\t<div class=\"elementor-gallery-item__overlay\"><\/div>\n\t\t\t\t\t\t\t\t\t\t\t\t\t\t<\/a>\n\t\t\t\t\t\t\t<a class=\"e-gallery-item elementor-gallery-item elementor-animated-content\" href=\"https:\/\/mercedes-benz-building-miami.com\/wp-content\/uploads\/sites\/7\/2024\/03\/Private-Residents-Rooftop-Sunset-Lounge.jpg\" data-elementor-open-lightbox=\"yes\" data-elementor-lightbox-slideshow=\"7a5a567\" data-elementor-lightbox-title=\"Private Residents\u2019 Rooftop Sunset Lounge\" data-e-action-hash=\"#elementor-action%3Aaction%3Dlightbox%26settings%3DeyJpZCI6NzkyLCJ1cmwiOiJodHRwczpcL1wvbWVyY2VkZXMtYmVuei1idWlsZGluZy1taWFtaS5jb21cL3dwLWNvbnRlbnRcL3VwbG9hZHNcL3NpdGVzXC83XC8yMDI0XC8wM1wvUHJpdmF0ZS1SZXNpZGVudHMtUm9vZnRvcC1TdW5zZXQtTG91bmdlLmpwZyIsInNsaWRlc2hvdyI6IjdhNWE1NjcifQ%3D%3D\">\n\t\t\t\t\t<div class=\"e-gallery-image elementor-gallery-item__image\" data-thumbnail=\"https:\/\/mercedes-benz-building-miami.com\/wp-content\/uploads\/sites\/7\/2024\/03\/Private-Residents-Rooftop-Sunset-Lounge.jpg\" data-width=\"800\" data-height=\"402\" aria-label=\"\" role=\"img\" ><\/div>\n\t\t\t\t\t\t\t\t\t\t\t<div class=\"elementor-gallery-item__overlay\"><\/div>\n\t\t\t\t\t\t\t\t\t\t\t\t\t\t<\/a>\n\t\t\t\t\t\t\t<a class=\"e-gallery-item elementor-gallery-item elementor-animated-content\" href=\"https:\/\/mercedes-benz-building-miami.com\/wp-content\/uploads\/sites\/7\/2024\/03\/Recording-Studio.jpg\" data-elementor-open-lightbox=\"yes\" data-elementor-lightbox-slideshow=\"7a5a567\" data-elementor-lightbox-title=\"Recording Studio\" data-e-action-hash=\"#elementor-action%3Aaction%3Dlightbox%26settings%3DeyJpZCI6NzkzLCJ1cmwiOiJodHRwczpcL1wvbWVyY2VkZXMtYmVuei1idWlsZGluZy1taWFtaS5jb21cL3dwLWNvbnRlbnRcL3VwbG9hZHNcL3NpdGVzXC83XC8yMDI0XC8wM1wvUmVjb3JkaW5nLVN0dWRpby5qcGciLCJzbGlkZXNob3ciOiI3YTVhNTY3In0%3D\">\n\t\t\t\t\t<div class=\"e-gallery-image elementor-gallery-item__image\" data-thumbnail=\"https:\/\/mercedes-benz-building-miami.com\/wp-content\/uploads\/sites\/7\/2024\/03\/Recording-Studio.jpg\" data-width=\"748\" data-height=\"377\" aria-label=\"\" role=\"img\" ><\/div>\n\t\t\t\t\t\t\t\t\t\t\t<div class=\"elementor-gallery-item__overlay\"><\/div>\n\t\t\t\t\t\t\t\t\t\t\t\t\t\t<\/a>\n\t\t\t\t\t\t\t<a class=\"e-gallery-item elementor-gallery-item elementor-animated-content\" href=\"https:\/\/mercedes-benz-building-miami.com\/wp-content\/uploads\/sites\/7\/2024\/03\/21.jpg\" data-elementor-open-lightbox=\"yes\" data-elementor-lightbox-slideshow=\"7a5a567\" data-elementor-lightbox-title=\"21\" data-e-action-hash=\"#elementor-action%3Aaction%3Dlightbox%26settings%3DeyJpZCI6Nzk1LCJ1cmwiOiJodHRwczpcL1wvbWVyY2VkZXMtYmVuei1idWlsZGluZy1taWFtaS5jb21cL3dwLWNvbnRlbnRcL3VwbG9hZHNcL3NpdGVzXC83XC8yMDI0XC8wM1wvMjEuanBnIiwic2xpZGVzaG93IjoiN2E1YTU2NyJ9\">\n\t\t\t\t\t<div class=\"e-gallery-image elementor-gallery-item__image\" data-thumbnail=\"https:\/\/mercedes-benz-building-miami.com\/wp-content\/uploads\/sites\/7\/2024\/03\/21.jpg\" data-width=\"800\" data-height=\"402\" aria-label=\"\" role=\"img\" ><\/div>\n\t\t\t\t\t\t\t\t\t\t\t<div class=\"elementor-gallery-item__overlay\"><\/div>\n\t\t\t\t\t\t\t\t\t\t\t\t\t\t<\/a>\n\t\t\t\t\t\t\t<a class=\"e-gallery-item elementor-gallery-item elementor-animated-content\" href=\"https:\/\/mercedes-benz-building-miami.com\/wp-content\/uploads\/sites\/7\/2024\/03\/28.jpg\" data-elementor-open-lightbox=\"yes\" data-elementor-lightbox-slideshow=\"7a5a567\" data-elementor-lightbox-title=\"28\" data-e-action-hash=\"#elementor-action%3Aaction%3Dlightbox%26settings%3DeyJpZCI6Nzk2LCJ1cmwiOiJodHRwczpcL1wvbWVyY2VkZXMtYmVuei1idWlsZGluZy1taWFtaS5jb21cL3dwLWNvbnRlbnRcL3VwbG9hZHNcL3NpdGVzXC83XC8yMDI0XC8wM1wvMjguanBnIiwic2xpZGVzaG93IjoiN2E1YTU2NyJ9\">\n\t\t\t\t\t<div class=\"e-gallery-image elementor-gallery-item__image\" data-thumbnail=\"https:\/\/mercedes-benz-building-miami.com\/wp-content\/uploads\/sites\/7\/2024\/03\/28.jpg\" data-width=\"588\" data-height=\"563\" aria-label=\"\" role=\"img\" ><\/div>\n\t\t\t\t\t\t\t\t\t\t\t<div class=\"elementor-gallery-item__overlay\"><\/div>\n\t\t\t\t\t\t\t\t\t\t\t\t\t\t<\/a>\n\t\t\t\t\t<\/div>\n\t\t\t\t\t<\/div>\n\t\t\t\t<\/div>\n\t\t\t\t\t<\/div>\n\t\t\t\t<\/div>\n\t\t\t\t<\/div>","protected":false},"excerpt":{"rendered":"<p>Espacios comunes de varios niveles que abarcan m\u00e1s de 130.000 pies cuadrados re\u00fanen a los residentes y a la comunidad. Amplio centro de bienestar con: Una serie de saunas (calientes, secas y de infrarrojos), un circuito ritual onsen, caba\u00f1as, una sala de sal del Himalaya, una sala de aromaterapia, un ba\u00f1o de vapor, un gimnasio, un simulador de coches de carreras Mercedes-Benz personalizado, una cafeter\u00eda, dos restaurantes de autor, un bar de c\u00f3cteles, piscinas [...]<\/p>","protected":false},"author":1,"featured_media":0,"parent":0,"menu_order":0,"comment_status":"closed","ping_status":"closed","template":"","meta":{"_acf_changed":false,"inline_featured_image":false,"footnotes":"","_joinchat":[]},"acf":[],"yoast_head":"<!-- This site is optimized with the Yoast SEO plugin v23.5 - https:\/\/yoast.com\/wordpress\/plugins\/seo\/ -->\n<title>Amenities - Mercedes-Benz Places - Miami<\/title>\n<meta name=\"robots\" content=\"index, follow, max-snippet:-1, max-image-preview:large, max-video-preview:-1\" \/>\n<link rel=\"canonical\" href=\"https:\/\/mercedes-benz-building-miami.com\/es\/servicios\/\" \/>\n<meta property=\"og:locale\" content=\"es_ES\" \/>\n<meta property=\"og:type\" content=\"article\" \/>\n<meta property=\"og:title\" content=\"Amenities - Mercedes-Benz Places - Miami\" \/>\n<meta property=\"og:description\" content=\"Multi-level common spaces spanning over 130,000 square feet bring together the residents and community. Expansive wellness center featuring: Series of saunas, (hot, dry, and infra-red), Onsen ritual circuit, Cabanas, Himalayan salt room, Aromatherapy room, Steam Room, Fitness Center, Custom Mercedes-Benz race car simulator, Cafe, Two signature restaurants, Cocktail bar, Sun and garden pools with towels [&hellip;]\" \/>\n<meta property=\"og:url\" content=\"https:\/\/mercedes-benz-building-miami.com\/es\/servicios\/\" \/>\n<meta property=\"og:site_name\" content=\"Mercedes-Benz Places - Miami\" \/>\n<meta property=\"article:modified_time\" content=\"2024-03-05T18:31:12+00:00\" \/>\n<meta name=\"twitter:card\" content=\"summary_large_image\" \/>\n<meta name=\"twitter:label1\" content=\"Tiempo de lectura\" \/>\n\t<meta name=\"twitter:data1\" content=\"1 minuto\" \/>\n<script type=\"application\/ld+json\" class=\"yoast-schema-graph\">{\"@context\":\"https:\/\/schema.org\",\"@graph\":[{\"@type\":\"WebPage\",\"@id\":\"https:\/\/mercedes-benz-building-miami.com\/amenities\/\",\"url\":\"https:\/\/mercedes-benz-building-miami.com\/amenities\/\",\"name\":\"Amenities - Mercedes-Benz Places - Miami\",\"isPartOf\":{\"@id\":\"https:\/\/mercedes-benz-building-miami.com\/#website\"},\"datePublished\":\"2024-02-23T20:30:42+00:00\",\"dateModified\":\"2024-03-05T18:31:12+00:00\",\"breadcrumb\":{\"@id\":\"https:\/\/mercedes-benz-building-miami.com\/amenities\/#breadcrumb\"},\"inLanguage\":\"es\",\"potentialAction\":[{\"@type\":\"ReadAction\",\"target\":[\"https:\/\/mercedes-benz-building-miami.com\/amenities\/\"]}]},{\"@type\":\"BreadcrumbList\",\"@id\":\"https:\/\/mercedes-benz-building-miami.com\/amenities\/#breadcrumb\",\"itemListElement\":[{\"@type\":\"ListItem\",\"position\":1,\"name\":\"Home\",\"item\":\"https:\/\/mercedes-benz-building-miami.com\/\"},{\"@type\":\"ListItem\",\"position\":2,\"name\":\"Amenities\"}]},{\"@type\":\"WebSite\",\"@id\":\"https:\/\/mercedes-benz-building-miami.com\/#website\",\"url\":\"https:\/\/mercedes-benz-building-miami.com\/\",\"name\":\"Mercedes-Benz Places - Miami\",\"description\":\"\",\"potentialAction\":[{\"@type\":\"SearchAction\",\"target\":{\"@type\":\"EntryPoint\",\"urlTemplate\":\"https:\/\/mercedes-benz-building-miami.com\/?s={search_term_string}\"},\"query-input\":{\"@type\":\"PropertyValueSpecification\",\"valueRequired\":true,\"valueName\":\"search_term_string\"}}],\"inLanguage\":\"es\"}]}<\/script>\n<!-- \/ Yoast SEO plugin. -->","yoast_head_json":{"title":"Amenities - Mercedes-Benz Places - Miami","robots":{"index":"index","follow":"follow","max-snippet":"max-snippet:-1","max-image-preview":"max-image-preview:large","max-video-preview":"max-video-preview:-1"},"canonical":"https:\/\/mercedes-benz-building-miami.com\/es\/servicios\/","og_locale":"es_ES","og_type":"article","og_title":"Amenities - Mercedes-Benz Places - Miami","og_description":"Multi-level common spaces spanning over 130,000 square feet bring together the residents and community. Expansive wellness center featuring: Series of saunas, (hot, dry, and infra-red), Onsen ritual circuit, Cabanas, Himalayan salt room, Aromatherapy room, Steam Room, Fitness Center, Custom Mercedes-Benz race car simulator, Cafe, Two signature restaurants, Cocktail bar, Sun and garden pools with towels [&hellip;]","og_url":"https:\/\/mercedes-benz-building-miami.com\/es\/servicios\/","og_site_name":"Mercedes-Benz Places - Miami","article_modified_time":"2024-03-05T18:31:12+00:00","twitter_card":"summary_large_image","twitter_misc":{"Tiempo de lectura":"1 minuto"},"schema":{"@context":"https:\/\/schema.org","@graph":[{"@type":"WebPage","@id":"https:\/\/mercedes-benz-building-miami.com\/amenities\/","url":"https:\/\/mercedes-benz-building-miami.com\/amenities\/","name":"Amenities - Mercedes-Benz Places - Miami","isPartOf":{"@id":"https:\/\/mercedes-benz-building-miami.com\/#website"},"datePublished":"2024-02-23T20:30:42+00:00","dateModified":"2024-03-05T18:31:12+00:00","breadcrumb":{"@id":"https:\/\/mercedes-benz-building-miami.com\/amenities\/#breadcrumb"},"inLanguage":"es","potentialAction":[{"@type":"ReadAction","target":["https:\/\/mercedes-benz-building-miami.com\/amenities\/"]}]},{"@type":"BreadcrumbList","@id":"https:\/\/mercedes-benz-building-miami.com\/amenities\/#breadcrumb","itemListElement":[{"@type":"ListItem","position":1,"name":"Home","item":"https:\/\/mercedes-benz-building-miami.com\/"},{"@type":"ListItem","position":2,"name":"Amenities"}]},{"@type":"WebSite","@id":"https:\/\/mercedes-benz-building-miami.com\/#website","url":"https:\/\/mercedes-benz-building-miami.com\/","name":"Mercedes-Benz Places - Miami","description":"","potentialAction":[{"@type":"SearchAction","target":{"@type":"EntryPoint","urlTemplate":"https:\/\/mercedes-benz-building-miami.com\/?s={search_term_string}"},"query-input":{"@type":"PropertyValueSpecification","valueRequired":true,"valueName":"search_term_string"}}],"inLanguage":"es"}]}},"_links":{"self":[{"href":"https:\/\/mercedes-benz-building-miami.com\/es\/wp-json\/wp\/v2\/pages\/116"}],"collection":[{"href":"https:\/\/mercedes-benz-building-miami.com\/es\/wp-json\/wp\/v2\/pages"}],"about":[{"href":"https:\/\/mercedes-benz-building-miami.com\/es\/wp-json\/wp\/v2\/types\/page"}],"author":[{"embeddable":true,"href":"https:\/\/mercedes-benz-building-miami.com\/es\/wp-json\/wp\/v2\/users\/1"}],"replies":[{"embeddable":true,"href":"https:\/\/mercedes-benz-building-miami.com\/es\/wp-json\/wp\/v2\/comments?post=116"}],"version-history":[{"count":25,"href":"https:\/\/mercedes-benz-building-miami.com\/es\/wp-json\/wp\/v2\/pages\/116\/revisions"}],"predecessor-version":[{"id":799,"href":"https:\/\/mercedes-benz-building-miami.com\/es\/wp-json\/wp\/v2\/pages\/116\/revisions\/799"}],"wp:attachment":[{"href":"https:\/\/mercedes-benz-building-miami.com\/es\/wp-json\/wp\/v2\/media?parent=116"}],"curies":[{"name":"wp","href":"https:\/\/api.w.org\/{rel}","templated":true}]}}